{"id":28,"date":"2016-02-14T12:49:57","date_gmt":"2016-02-14T11:49:57","guid":{"rendered":"http:\/\/www.schal-kreation.at\/?page_id=28"},"modified":"2016-05-24T22:26:59","modified_gmt":"2016-05-24T20:26:59","slug":"nuno-technik","status":"publish","type":"page","link":"https:\/\/www.schal-kreation.at\/?page_id=28","title":{"rendered":"Filz-Technik"},"content":{"rendered":"<p><img loading=\"lazy\" decoding=\"async\" class=\"size-medium wp-image-37 alignright\" style=\"margin-left: 60px;\" src=\"https:\/\/www.schal-kreation.at\/wp-content\/uploads\/2016\/02\/DSCN2385-300x225.jpg\" alt=\"DSCN2385\" width=\"300\" height=\"225\" srcset=\"https:\/\/www.schal-kreation.at\/wp-content\/uploads\/2016\/02\/DSCN2385-300x225.jpg 300w, https:\/\/www.schal-kreation.at\/wp-content\/uploads\/2016\/02\/DSCN2385-768x576.jpg 768w, https:\/\/www.schal-kreation.at\/wp-content\/uploads\/2016\/02\/DSCN2385.jpg 1024w\" sizes=\"auto, (max-width: 300px) 100vw, 300px\" \/><span style=\"font-size: 130%;\">Die Technik <strong>NUNO-FILZEN<\/strong> bedeutet auf japanisch GEWEBE.<\/span><\/p>\n<p><span style=\"font-size: 130%;\">Bei dieser Art zu Filzen durchdringen einzelne Wollfasern den Stoff &#8211; Seidenchiffon, Georgette, Organza &#8211; und verhaken sich miteinander.<\/span><\/p>\n<p><span style=\"font-size: 130%;\">Je d\u00fcnner der Stoff gewebt, desto leichter durchdringt ihn die Merinowolle.<br \/>\nAls Hilfsmittel dient Seifenl\u00f6sung.<\/span><\/p>\n<p><span style=\"font-size: 130%;\">Der <strong>Nuno-Crash-Effekt<\/strong> entsteht durch das Schrumpfen der Wolle. <\/span><\/p>\n<p><span style=\"font-size: 130%;\">Diese Technik erm\u00f6glicht es mir, individuelle Schals mit besonderen Motiven<\/span><span style=\"font-size: 130%;\">\u00a0u<\/span><span style=\"font-size: 130%;\">nd Farbkombinationen zu erstellen.<\/span><\/p>\n<p>&nbsp;<\/p>\n<h3><strong>GIB\u00a0 ALLEM\u00a0 WAS\u00a0 DU \u00a0KREIERST \u00a0DEINE \u00a0EIGENE\u00a0 PERS\u00d6NLICHE\u00a0 NOTE !<\/strong><\/h3>\n","protected":false},"excerpt":{"rendered":"<p>Die Technik NUNO-FILZEN bedeutet auf japanisch GEWEBE. Bei dieser Art zu Filzen durchdringen einzelne Wollfasern den Stoff &#8211; Seidenchiffon, Georgette, Organza &#8211; und verhaken sich miteinander. Je d\u00fcnner der Stoff gewebt, desto leichter durchdringt ihn die Merinowolle. Als Hilfsmittel dient Seifenl\u00f6sung. Der Nuno-Crash-Effekt entsteht durch das Schrumpfen der Wolle. Diese Technik erm\u00f6glicht es mir, individuelle [&hellip;]<\/p>\n","protected":false},"author":1,"featured_media":0,"parent":0,"menu_order":0,"comment_status":"closed","ping_status":"closed","template":"page-fullwidth.php","meta":{"footnotes":""},"class_list":["post-28","page","type-page","status-publish","hentry"],"_links":{"self":[{"href":"https:\/\/www.schal-kreation.at\/index.php?rest_route=\/wp\/v2\/pages\/28","targetHints":{"allow":["GET"]}}],"collection":[{"href":"https:\/\/www.schal-kreation.at\/index.php?rest_route=\/wp\/v2\/pages"}],"about":[{"href":"https:\/\/www.schal-kreation.at\/index.php?rest_route=\/wp\/v2\/types\/page"}],"author":[{"embeddable":true,"href":"https:\/\/www.schal-kreation.at\/index.php?rest_route=\/wp\/v2\/users\/1"}],"replies":[{"embeddable":true,"href":"https:\/\/www.schal-kreation.at\/index.php?rest_route=%2Fwp%2Fv2%2Fcomments&post=28"}],"version-history":[{"count":33,"href":"https:\/\/www.schal-kreation.at\/index.php?rest_route=\/wp\/v2\/pages\/28\/revisions"}],"predecessor-version":[{"id":254,"href":"https:\/\/www.schal-kreation.at\/index.php?rest_route=\/wp\/v2\/pages\/28\/revisions\/254"}],"wp:attachment":[{"href":"https:\/\/www.schal-kreation.at\/index.php?rest_route=%2Fwp%2Fv2%2Fmedia&parent=28"}],"curies":[{"name":"wp","href":"https:\/\/api.w.org\/{rel}","templated":true}]}}