{"id":197,"date":"2016-04-24T16:21:18","date_gmt":"2016-04-24T14:21:18","guid":{"rendered":"http:\/\/www.schal-kreation.at\/?page_id=197"},"modified":"2016-05-24T20:43:23","modified_gmt":"2016-05-24T18:43:23","slug":"schmuck","status":"publish","type":"page","link":"https:\/\/www.schal-kreation.at\/?page_id=197","title":{"rendered":"Schmuck"},"content":{"rendered":"<p><img loading=\"lazy\" decoding=\"async\" class=\"alignright wp-image-203\" style=\"margin-left: 60px;\" src=\"https:\/\/www.schal-kreation.at\/wp-content\/uploads\/2016\/04\/P1012358-1024x768.jpg\" alt=\"Silber Engel\" width=\"350\" height=\"264\" srcset=\"https:\/\/www.schal-kreation.at\/wp-content\/uploads\/2016\/04\/P1012358-1024x768.jpg 1024w, https:\/\/www.schal-kreation.at\/wp-content\/uploads\/2016\/04\/P1012358-300x225.jpg 300w, https:\/\/www.schal-kreation.at\/wp-content\/uploads\/2016\/04\/P1012358-768x576.jpg 768w\" sizes=\"auto, (max-width: 350px) 100vw, 350px\" \/><\/p>\n<p><span style=\"font-size: 130%;\"><strong>ART CLAY Silber<\/strong><\/span><\/p>\n<p><span style=\"font-size: 130%;\">ist eine Modelliermasse, bestehend aus feinsten Silberpartikeln und einem ungiftigen Bindemittel auf w\u00e4ssriger Cellulosebasis, die sich \u00e4hnlich wie Ton mit den H\u00e4nden modellieren und \u00a0formen l\u00e4sst. Nach dem Trocknen an der Luft kann das Werkst\u00fcck mit Feile und Schleifschwamm bearbeitet werden.<\/span><\/p>\n<p><span style=\"font-size: 130%;\">Das Brennen, auch Feuern genannt, erfolgt zwischen 650\u00b0C und 870\u00b0C je nach St\u00e4rke des Schmuckst\u00fcckes \u00a0im Elektro-Brennofen, bzw. mit Gasbrenner speziell f\u00fcr ART CLAY Silber.<\/span><\/p>\n<p><span style=\"font-size: 130%;\">\u00dcbrig bleibt 999er Silber, in der Fachsprache Feinsilber.<\/span><\/p>\n<p><span style=\"font-size: 130%;\">In\u00a012 Arbeitsschritten entsteht dieser Engerl-Anh\u00e4nger.<\/span><\/p>\n<p><span style=\"font-size: 130%;\">Ca.\u00a03\u00a0cm gro\u00df, auf der R\u00fcckseite befindet sich eine \u00d6se zum Auff\u00e4deln auf Ketterl.<\/span><\/p>\n<p>&nbsp;<\/p>\n<h3><strong>EIN\u00a0 SCHMUCKST\u00dcCK\u00a0 DER\u00a0 BESONDEREN\u00a0 ART \u00a0\u2013 \u00a0EINZIGARTIG! <\/strong><\/h3>\n","protected":false},"excerpt":{"rendered":"<p>ART CLAY Silber ist eine Modelliermasse, bestehend aus feinsten Silberpartikeln und einem ungiftigen Bindemittel auf w\u00e4ssriger Cellulosebasis, die sich \u00e4hnlich wie Ton mit den H\u00e4nden modellieren und \u00a0formen l\u00e4sst. Nach dem Trocknen an der Luft kann das Werkst\u00fcck mit Feile und Schleifschwamm bearbeitet werden. Das Brennen, auch Feuern genannt, erfolgt zwischen 650\u00b0C und 870\u00b0C je [&hellip;]<\/p>\n","protected":false},"author":1,"featured_media":0,"parent":0,"menu_order":0,"comment_status":"closed","ping_status":"closed","template":"page-fullwidth.php","meta":{"footnotes":""},"class_list":["post-197","page","type-page","status-publish","hentry"],"_links":{"self":[{"href":"https:\/\/www.schal-kreation.at\/index.php?rest_route=\/wp\/v2\/pages\/197","targetHints":{"allow":["GET"]}}],"collection":[{"href":"https:\/\/www.schal-kreation.at\/index.php?rest_route=\/wp\/v2\/pages"}],"about":[{"href":"https:\/\/www.schal-kreation.at\/index.php?rest_route=\/wp\/v2\/types\/page"}],"author":[{"embeddable":true,"href":"https:\/\/www.schal-kreation.at\/index.php?rest_route=\/wp\/v2\/users\/1"}],"replies":[{"embeddable":true,"href":"https:\/\/www.schal-kreation.at\/index.php?rest_route=%2Fwp%2Fv2%2Fcomments&post=197"}],"version-history":[{"count":13,"href":"https:\/\/www.schal-kreation.at\/index.php?rest_route=\/wp\/v2\/pages\/197\/revisions"}],"predecessor-version":[{"id":277,"href":"https:\/\/www.schal-kreation.at\/index.php?rest_route=\/wp\/v2\/pages\/197\/revisions\/277"}],"wp:attachment":[{"href":"https:\/\/www.schal-kreation.at\/index.php?rest_route=%2Fwp%2Fv2%2Fmedia&parent=197"}],"curies":[{"name":"wp","href":"https:\/\/api.w.org\/{rel}","templated":true}]}}